{"id":451,"date":"2025-02-23T21:22:05","date_gmt":"2025-02-23T18:22:05","guid":{"rendered":"http:\/\/sabaeekalhadeed.com\/product\/bare-pola-8mm"},"modified":"2025-02-23T21:22:05","modified_gmt":"2025-02-23T18:22:05","slug":"bare-pola-8mm","status":"publish","type":"product","link":"https:\/\/sabaeekalhadeed.com\/ku\/product\/bare-pola-8mm","title":{"rendered":"Bar\u00ea pola 8mm"},"content":{"rendered":"<p>\u00eemt\u00eehan<\/p>\n","protected":false},"excerpt":{"rendered":"<p>test 2<\/p>\n","protected":false},"featured_media":414,"comment_status":"open","ping_status":"closed","template":"","meta":[],"product_brand":[],"product_cat":[68],"product_tag":[],"class_list":{"0":"post-451","1":"product","2":"type-product","3":"status-publish","4":"has-post-thumbnail","6":"product_cat-bare-pola-8mm","8":"first","9":"instock","10":"shipping-taxable","11":"purchasable","12":"product-type-simple"},"_links":{"self":[{"href":"https:\/\/sabaeekalhadeed.com\/ku\/wp-json\/wp\/v2\/product\/451","targetHints":{"allow":["GET"]}}],"collection":[{"href":"https:\/\/sabaeekalhadeed.com\/ku\/wp-json\/wp\/v2\/product"}],"about":[{"href":"https:\/\/sabaeekalhadeed.com\/ku\/wp-json\/wp\/v2\/types\/product"}],"replies":[{"embeddable":true,"href":"https:\/\/sabaeekalhadeed.com\/ku\/wp-json\/wp\/v2\/comments?post=451"}],"wp:featuredmedia":[{"embeddable":true,"href":"https:\/\/sabaeekalhadeed.com\/ku\/wp-json\/wp\/v2\/media\/414"}],"wp:attachment":[{"href":"https:\/\/sabaeekalhadeed.com\/ku\/wp-json\/wp\/v2\/media?parent=451"}],"wp:term":[{"taxonomy":"product_brand","embeddable":true,"href":"https:\/\/sabaeekalhadeed.com\/ku\/wp-json\/wp\/v2\/product_brand?post=451"},{"taxonomy":"product_cat","embeddable":true,"href":"https:\/\/sabaeekalhadeed.com\/ku\/wp-json\/wp\/v2\/product_cat?post=451"},{"taxonomy":"product_tag","embeddable":true,"href":"https:\/\/sabaeekalhadeed.com\/ku\/wp-json\/wp\/v2\/product_tag?post=451"}],"curies":[{"name":"wp","href":"https:\/\/api.w.org\/{rel}","templated":true}]}}